{"id":703,"date":"2022-01-17T00:10:23","date_gmt":"2022-01-17T00:10:23","guid":{"rendered":"http:\/\/kirstenrlassen.com\/?page_id=703"},"modified":"2023-08-21T12:46:30","modified_gmt":"2023-08-21T12:46:30","slug":"designskolen","status":"publish","type":"page","link":"http:\/\/kirstenrlassen.com\/en\/projektledelse\/designskolen\/","title":{"rendered":"designskolen"},"content":{"rendered":"<h2>\n\t\tinside outside\n\t<\/h2>\n<a href=\"https:\/\/www.facebook.com\/sharer.php?u=https%3A%2F%2Fkirstenrlassen.com%2F%3Fpage_id%3D703%26fl_builder\" target=\"_blank\" onclick=\"window.open(this.href,'social-share','left=20,top=20,width=500,height=500,toolbar=1,resizable=0');return false;\" rel=\"noopener\">\t\t\t\t\n\t\t<\/a><a href=\"mailto:?body=https%3A%2F%2Fkirstenrlassen.com%2F%3Fpage_id%3D703%26fl_builder\" target=\"_self\" rel=\"noopener\">\t\t\t\t\n\t\t<\/a><a href=\"https:\/\/www.linkedin.com\/shareArticle?url=https%3A%2F%2Fkirstenrlassen.com%2F%3Fpage_id%3D703%26fl_builder\" target=\"_blank\" onclick=\"window.open(this.href,'social-share','left=20,top=20,width=500,height=500,toolbar=1,resizable=0');return false;\" rel=\"noopener\">\t\t\t\t\n\t\t<\/a>\n\t<h5>DESIGNSKOLEN P\u00c5 DESIGNMUSEUM DANMARK<\/h5>\n<p>I 2012 startede jeg Designskolen op p\u00e5 Designmuseum Danmark. Jeg var leder af den frem til 2020. Designskolen udb\u00f8d i den periode undervisning til en bred gruppe. Vi havde et \u00f8nske om at skabe et kreativt rum der kunne tilbyde undervisning til en bred m\u00e5lgruppe. Fra b\u00f8rnehaveklasse til voksne og til faggrupper som l\u00e6rere og p\u00e6dagoger. Hensigten var at skolen ikke skulle v\u00e6re elit\u00e6r, men et sted for alle. Skolen skulle v\u00e6re et sted hvor fagligheder inden for design og p\u00e6dagogik kunne m\u00f8de hinanden. Et moderne og kreativt laboratorium for undervisning og et undervisningsrum der tilb\u00f8d ro til fordybelse og udvikling af den enkelte elevs praksis.<\/p>\n<p>I samarbejde med en lang r\u00e6kke designere og kunstnere udviklede vi\u00a0 undervisningsforl\u00f8b med udgangspunkt i museets samlinger.<\/p>\n<p>&nbsp;<\/p>\n\t\t\t\t\t\t<!-- pagination -->\n\t<p>Klik p\u00e5 billedet for at se eventuel tekst og fuldt billedformat.<\/p>\n<h5>\n\t\t<a href=\"https:\/\/kirstenrlassen.com\/en\/projektledelse\/\" title=\"&lt;&lt; TILBAGE TIL PROJEKTLEDELSE\" target=\"_self\" rel=\"noopener\">\n\t\t<< TILBAGE TIL PROJEKTLEDELSE\n\t\t<\/a>\n\t<\/h5>","protected":false},"excerpt":{"rendered":"<p>inside outside DESIGNSKOLEN P\u00c5 DESIGNMUSEUM DANMARK I 2012 startede jeg Designskolen op p\u00e5 Designmuseum Danmark. Jeg var leder af den frem til 2020. Designskolen udb\u00f8d i den periode undervisning til en bred gruppe. Vi havde et \u00f8nske om at skabe et kreativt rum der kunne tilbyde undervisning til en bred m\u00e5lgruppe. Fra b\u00f8rnehaveklasse til voksne&hellip;<\/p>","protected":false},"author":2,"featured_media":536,"parent":99,"menu_order":0,"comment_status":"closed","ping_status":"closed","template":"","meta":{"footnotes":""},"class_list":["post-703","page","type-page","status-publish","has-post-thumbnail","hentry"],"_links":{"self":[{"href":"http:\/\/kirstenrlassen.com\/en\/wp-json\/wp\/v2\/pages\/703","targetHints":{"allow":["GET"]}}],"collection":[{"href":"http:\/\/kirstenrlassen.com\/en\/wp-json\/wp\/v2\/pages"}],"about":[{"href":"http:\/\/kirstenrlassen.com\/en\/wp-json\/wp\/v2\/types\/page"}],"author":[{"embeddable":true,"href":"http:\/\/kirstenrlassen.com\/en\/wp-json\/wp\/v2\/users\/2"}],"replies":[{"embeddable":true,"href":"http:\/\/kirstenrlassen.com\/en\/wp-json\/wp\/v2\/comments?post=703"}],"version-history":[{"count":13,"href":"http:\/\/kirstenrlassen.com\/en\/wp-json\/wp\/v2\/pages\/703\/revisions"}],"predecessor-version":[{"id":1850,"href":"http:\/\/kirstenrlassen.com\/en\/wp-json\/wp\/v2\/pages\/703\/revisions\/1850"}],"up":[{"embeddable":true,"href":"http:\/\/kirstenrlassen.com\/en\/wp-json\/wp\/v2\/pages\/99"}],"wp:featuredmedia":[{"embeddable":true,"href":"http:\/\/kirstenrlassen.com\/en\/wp-json\/wp\/v2\/media\/536"}],"wp:attachment":[{"href":"http:\/\/kirstenrlassen.com\/en\/wp-json\/wp\/v2\/media?parent=703"}],"curies":[{"name":"wp","href":"https:\/\/api.w.org\/{rel}","templated":true}]}}