{"id":18,"date":"2020-09-03T09:16:34","date_gmt":"2020-09-03T09:16:34","guid":{"rendered":"http:\/\/kirstenrlassen.com\/?page_id=18"},"modified":"2025-04-21T12:45:13","modified_gmt":"2025-04-21T12:45:13","slug":"forside","status":"publish","type":"page","link":"https:\/\/kirstenrlassen.com\/en\/","title":{"rendered":"FORSIDE"},"content":{"rendered":"<p><a href=\"https:\/\/kirstenrlassen.com\/en\/om\/\" target=\"_self\"> <img loading=\"lazy\" decoding=\"async\" title=\"IMG_8992\" src=\"https:\/\/kirstenrlassen.com\/wp-content\/uploads\/2022\/02\/IMG_8992-scaled.jpg\" alt=\"IMG_8992\" width=\"1707\" height=\"2560\" \/> <\/a><\/p>\r\n<h4><a title=\"OM &gt;&gt;\" href=\"https:\/\/kirstenrlassen.com\/en\/om\/\" target=\"_self\"> OM &gt;&gt; <\/a><\/h4>\r\n<p>Jeg er optaget af at facilitere kreative og fordybende processer og at lave undervisning og udvikle praksis p\u00e5 en m\u00e5de der sampler, inddrager og udvikler menneskeligt potentiale.<\/p>\r\n<p>Hjerte, krop, vejrtr\u00e6kning, det mentale og erkendelsen om altings foranderlighed er med i de rum jeg arbejder i.<\/p>\r\n<p>Det vil sige kreative skabende processer indenfor billedkunst og designprocesser.<\/p>\r\n<p>Jeg har erfaring som projektleder og med facilitering af processer for forskellige fagligheder og har v\u00e6ret involveret i mange formidlings- og l\u00e6ringsorienterede projekter af forskellig karakter.<\/p>\r\n<hr \/>\r\n<h5>AKTUELT<\/h5>\r\n<h5><strong>KURSER\u00a0<\/strong><\/h5>\r\n<p><a href=\"https:\/\/kirstenrlassen.com\/en\/aktuelt\/\">L\u00e6s mere &gt;&gt;<\/a><\/p>\r\n<p>&nbsp;<\/p>\r\n<h4><a title=\"LEARNING &gt;&gt;\" href=\"http:\/\/kirstenrlassen.com\/en\/undervisning\/\" target=\"_self\"> UNDERVISNING &gt;&gt; <\/a><\/h4>\r\n<p><em>Pedagogy is no longer about what is already known but instead creates the conditions for the unknown and to think as an experiment thereby complicating our conversations. &#8220;Regarding pedagogy as experimentation in thought rather than representation of knowledge as a thing already made creates a profound shift in how we think of pedagogical intent or volition-the will to teach&#8221;<\/em>. (Ellsworth)<\/p>\r\n<p><a href=\"http:\/\/kirstenrlassen.com\/en\/undervisning\/\" target=\"_self\"> <img loading=\"lazy\" decoding=\"async\" title=\"30741279_1588033294629244_937934412639633408_n\" src=\"https:\/\/kirstenrlassen.com\/wp-content\/uploads\/2022\/03\/30741279_1588033294629244_937934412639633408_n.jpg\" alt=\"30741279_1588033294629244_937934412639633408_n\" width=\"1834\" height=\"997\" \/> <\/a> <a href=\"http:\/\/kirstenrlassen.com\/en\/kunst\/\" target=\"_self\"> <img decoding=\"async\" title=\"IMG_8976\" src=\"http:\/\/kirstenrlassen.com\/wp-content\/uploads\/2022\/02\/IMG_8976-1024x683.jpg\" alt=\"IMG_8976\" \/> <\/a><\/p>\r\n<h4><a title=\"ART &gt;&gt;\" href=\"http:\/\/kirstenrlassen.com\/en\/kunst\/\" target=\"_self\"> KUNST &gt;&gt; <\/a><\/h4>\r\n<p>&#8220;There is a net, it is said, over the palace of the Buddhist god Indra, and on each of the knots of the net is a jewel; each of the jewels reflects and extends the light in all the others. When we understand this resonance in terms of how we create, teach, and inquiry alongside one another, we recognize the incalculable abundance of the one in the many and the many in one and our collective capacity to effect change&#8221;<\/p>\r\n<p>&nbsp;<\/p>\r\n<h4><a title=\"PROJEKTLEDELSE &gt;&gt;\" href=\"http:\/\/kirstenrlassen.com\/en\/projektledelse\/\" target=\"_self\"> PROJEKTLEDELSE &gt;&gt; <\/a><\/h4>\r\n<p>Jeg har erfaring som projektleder og med facilitering af processer for forskellige fagligheder og har v\u00e6ret involveret i en lang r\u00e6kke formidlings- og l\u00e6ringsorienterede projekter af forskellig karakter.<\/p>\r\n<p>&nbsp;<\/p>\r\n<p><a href=\"http:\/\/kirstenrlassen.com\/en\/projektledelse\/\" target=\"_self\"> <img loading=\"lazy\" decoding=\"async\" title=\"IMG_1705\" src=\"https:\/\/kirstenrlassen.com\/wp-content\/uploads\/2022\/03\/IMG_1705-scaled.jpg\" alt=\"IMG_1705\" width=\"2560\" height=\"1708\" \/> <\/a> <a href=\"https:\/\/kirstenrlassen.com\/en\/praksis\/\" target=\"_self\"> <img loading=\"lazy\" decoding=\"async\" title=\"IMG_4756 2\" src=\"https:\/\/kirstenrlassen.com\/wp-content\/uploads\/2022\/03\/IMG_4756-2-879x1024.jpg\" alt=\"IMG_4756 2\" width=\"879\" height=\"1024\" \/> <\/a><\/p>\r\n<h4><a title=\"PRAKSIS &gt;&gt;\" href=\"https:\/\/kirstenrlassen.com\/en\/aktuelt\/\" target=\"_self\"> PRAKSIS &gt;&gt; <\/a><\/h4>\r\n<p>Har en meditativ og kropslig praksis og et livssyn og en tilgang til undervisning og kunstnerisk virksomhed der er farvet af dette. Jeg deltager j\u00e6vnligt p\u00e5 forskellige former for retreats og kurser p\u00e5 v\u00e6kstcentret hvor jeg ogs\u00e5 modtager praksisvejledning.<\/p>\r\n<p>Vandring og dans er en elsket del af min praksis og jeg har deltaget i danseworkshops i Danmark og i udlandet.<\/p>\r\n<p>&nbsp;<\/p>","protected":false},"excerpt":{"rendered":"<p>OM &gt;&gt; Jeg er optaget af at facilitere kreative og fordybende processer og at lave undervisning og udvikle praksis p\u00e5 en m\u00e5de der sampler, inddrager og udvikler menneskeligt potentiale. Hjerte, krop, vejrtr\u00e6kning, det mentale og erkendelsen om altings foranderlighed er med i de rum jeg arbejder i. Det vil sige kreative skabende processer indenfor billedkunst&hellip;<\/p>","protected":false},"author":1,"featured_media":0,"parent":0,"menu_order":0,"comment_status":"closed","ping_status":"closed","template":"","meta":{"footnotes":""},"class_list":["post-18","page","type-page","status-publish","hentry"],"_links":{"self":[{"href":"https:\/\/kirstenrlassen.com\/en\/wp-json\/wp\/v2\/pages\/18","targetHints":{"allow":["GET"]}}],"collection":[{"href":"https:\/\/kirstenrlassen.com\/en\/wp-json\/wp\/v2\/pages"}],"about":[{"href":"https:\/\/kirstenrlassen.com\/en\/wp-json\/wp\/v2\/types\/page"}],"author":[{"embeddable":true,"href":"https:\/\/kirstenrlassen.com\/en\/wp-json\/wp\/v2\/users\/1"}],"replies":[{"embeddable":true,"href":"https:\/\/kirstenrlassen.com\/en\/wp-json\/wp\/v2\/comments?post=18"}],"version-history":[{"count":99,"href":"https:\/\/kirstenrlassen.com\/en\/wp-json\/wp\/v2\/pages\/18\/revisions"}],"predecessor-version":[{"id":2177,"href":"https:\/\/kirstenrlassen.com\/en\/wp-json\/wp\/v2\/pages\/18\/revisions\/2177"}],"wp:attachment":[{"href":"https:\/\/kirstenrlassen.com\/en\/wp-json\/wp\/v2\/media?parent=18"}],"curies":[{"name":"wp","href":"https:\/\/api.w.org\/{rel}","templated":true}]}}