{"id":1913,"date":"2023-11-03T10:22:09","date_gmt":"2023-11-03T10:22:09","guid":{"rendered":"https:\/\/kirstenrlassen.com\/?page_id=1913"},"modified":"2025-12-07T15:36:02","modified_gmt":"2025-12-07T15:36:02","slug":"aktuelt","status":"publish","type":"page","link":"https:\/\/kirstenrlassen.com\/en\/aktuelt\/","title":{"rendered":"AKTUELT"},"content":{"rendered":"<h5><a title=\"TERAPI\" href=\"https:\/\/kirstenrlassen.com\/en\/aktuelt\/terapi\/\" target=\"_self\"> TERAPI <\/a><\/h5>\r\n<p><a href=\"https:\/\/kirstenrlassen.com\/en\/aktuelt\/terapi\/\" target=\"_self\"> <img loading=\"lazy\" decoding=\"async\" title=\"IMG_0878 2\" src=\"https:\/\/kirstenrlassen.com\/wp-content\/uploads\/2025\/02\/IMG_0878-2-scaled.jpeg\" alt=\"IMG_0878 2\" width=\"2560\" height=\"2560\" \/> <\/a><\/p>\r\n<h5><a title=\"KURSER\" href=\"https:\/\/kirstenrlassen.com\/en\/aktuelt\/kurser\/\" target=\"_self\"> KURSER <\/a><\/h5>\r\n<p><a href=\"https:\/\/kirstenrlassen.com\/en\/aktuelt\/kurser\/\" target=\"_self\"> <img loading=\"lazy\" decoding=\"async\" title=\"IMG_5995\" src=\"https:\/\/kirstenrlassen.com\/wp-content\/uploads\/2025\/02\/IMG_5995-scaled.jpeg\" alt=\"IMG_5995\" width=\"2560\" height=\"2560\" \/> <\/a><\/p>\r\n<h5><a title=\"KONTEMPLATION\" href=\" https:\/\/kontemplation.dk\/\" target=\"_blank\" rel=\"noopener\"> KONTEMPLATION <\/a><\/h5>\r\n<p><a href=\"https:\/\/kontemplation.dk\/\" target=\"_blank\" rel=\"noopener\"> <img loading=\"lazy\" decoding=\"async\" title=\"kontemplation_logo\" src=\"https:\/\/kirstenrlassen.com\/wp-content\/uploads\/2023\/11\/kontemplation_logo.jpg\" alt=\"kontemplation_logo\" width=\"590\" height=\"629\" \/> <\/a> <a href=\"https:\/\/kontemplation.dk\/\" target=\"_self\"> <img loading=\"lazy\" decoding=\"async\" title=\"kontemplation_logo_med tekst\" src=\"https:\/\/kirstenrlassen.com\/wp-content\/uploads\/2022\/02\/kontemplation_logo_med-tekst.jpg\" alt=\"kontemplation_logo_med tekst\" width=\"500\" height=\"561\" \/> <\/a><\/p>\r\n<h4><strong>KONTEMPLATION<\/strong><\/h4>\r\n<p><a href=\"https:\/\/kontemplation.dk\/\" target=\"_blank\" rel=\"noopener\">Kontemplation<\/a> er en formidlingsplatform for n\u00e6rv\u00e6r og empati.<\/p>\r\n<p>P\u00e5 kurser, retreats og de sociale medier udforskes og undervises der i meditation, yoga, kreativitet og sammenh\u00e6ngen mellem indre og ydre b\u00e6redygtighed. Med r\u00f8dder i de kontemplative traditioner, i en form tilpasset nutiden hvor forestillingen om en meditativ praksis endnu er ny.<\/p>\r\n<p>Jeg er en del af teamet bag kontemplation &#8211; <a href=\"https:\/\/kontemplation.dk\/person\/kirsten-rotboll-lassen\/\" target=\"_blank\" rel=\"noopener\">se mine blogindl\u00e6g her &gt;&gt;<\/a><\/p>\r\n<p>&nbsp;<\/p>\r\n<p>&nbsp;<\/p>\r\n<p><img decoding=\"async\" src=\"https:\/\/kirstenrlassen.com\/wp-content\/plugins\/bb-plugin\/img\/pixel.png\" alt=\"\" \/><\/p>","protected":false},"excerpt":{"rendered":"<p>TERAPI KURSER KONTEMPLATION KONTEMPLATION Kontemplation er en formidlingsplatform for n\u00e6rv\u00e6r og empati. P\u00e5 kurser, retreats og de sociale medier udforskes og undervises der i meditation, yoga, kreativitet og sammenh\u00e6ngen mellem indre og ydre b\u00e6redygtighed. Med r\u00f8dder i de kontemplative traditioner, i en form tilpasset nutiden hvor forestillingen om en meditativ praksis endnu er ny. Jeg&hellip;<\/p>","protected":false},"author":2,"featured_media":0,"parent":0,"menu_order":0,"comment_status":"closed","ping_status":"closed","template":"","meta":{"footnotes":""},"class_list":["post-1913","page","type-page","status-publish","hentry"],"_links":{"self":[{"href":"https:\/\/kirstenrlassen.com\/en\/wp-json\/wp\/v2\/pages\/1913","targetHints":{"allow":["GET"]}}],"collection":[{"href":"https:\/\/kirstenrlassen.com\/en\/wp-json\/wp\/v2\/pages"}],"about":[{"href":"https:\/\/kirstenrlassen.com\/en\/wp-json\/wp\/v2\/types\/page"}],"author":[{"embeddable":true,"href":"https:\/\/kirstenrlassen.com\/en\/wp-json\/wp\/v2\/users\/2"}],"replies":[{"embeddable":true,"href":"https:\/\/kirstenrlassen.com\/en\/wp-json\/wp\/v2\/comments?post=1913"}],"version-history":[{"count":41,"href":"https:\/\/kirstenrlassen.com\/en\/wp-json\/wp\/v2\/pages\/1913\/revisions"}],"predecessor-version":[{"id":2191,"href":"https:\/\/kirstenrlassen.com\/en\/wp-json\/wp\/v2\/pages\/1913\/revisions\/2191"}],"wp:attachment":[{"href":"https:\/\/kirstenrlassen.com\/en\/wp-json\/wp\/v2\/media?parent=1913"}],"curies":[{"name":"wp","href":"https:\/\/api.w.org\/{rel}","templated":true}]}}