{"id":1936,"date":"2023-11-03T11:01:36","date_gmt":"2023-11-03T11:01:36","guid":{"rendered":"https:\/\/kirstenrlassen.com\/?page_id=1936"},"modified":"2026-04-06T09:12:32","modified_gmt":"2026-04-06T09:12:32","slug":"terapi","status":"publish","type":"page","link":"https:\/\/kirstenrlassen.com\/en\/terapi\/","title":{"rendered":"terapi"},"content":{"rendered":"<h2>\n\t\t\tinside outside\t<\/h2>\n<a href=\"https:\/\/www.facebook.com\/sharer.php?u=https%3A%2F%2Fkirstenrlassen.com%2F%3Fpage_id%3D1936%26fl_builder\" target=\"_blank\" onclick=\"window.open(this.href,'social-share','left=20,top=20,width=500,height=500,toolbar=1,resizable=0');return false;\">\t\t\t\t\n\t\t<\/a><a href=\"mailto:?body=https%3A%2F%2Fkirstenrlassen.com%2F%3Fpage_id%3D1936%26fl_builder\" target=\"_self\">\t\t\t\t\n\t\t<\/a><a href=\"https:\/\/www.linkedin.com\/shareArticle?url=https%3A%2F%2Fkirstenrlassen.com%2F%3Fpage_id%3D1936%26fl_builder\" target=\"_blank\" onclick=\"window.open(this.href,'social-share','left=20,top=20,width=500,height=500,toolbar=1,resizable=0');return false;\">\t\t\t\t\n\t\t<\/a>\n\t<h5><strong>Jeg tilbyder sessioner i kunstterapi og psykomotorisk behandling.<\/strong><\/h5>\n<h5>Du er velkommen til at kontakte mig for en samtale, hvor vi sammen finder ud af om du evt. kan have gl\u00e6de af at sammens\u00e6tte et forl\u00f8b med b\u00e5de kunstterapi og psykomotorisk behandling. De to former kan fint kombineres, hvis du er interesseret i at arbejde med b\u00e5de billeder og med kroppen.<\/h5>\n<a href=\"https:\/\/kirstenrlassen.com\/en\/aktuelt\/terapi\/#kunstterapi\"><strong>KUNSTTERAPI &gt;&gt;<\/strong><\/a><br \/>\n<strong><a href=\"https:\/\/kirstenrlassen.com\/en\/aktuelt\/terapi\/#psykomotorisk-behandling\">PSYKOMOTORISK BEHANDLING &gt;&gt;<\/a><\/strong>\n\t<h5><strong>mobil:<\/strong> +45 40931438<br \/>\n<strong>mail:<\/strong> <a href=\"mailto:kirstenrlassen@gmail.com\" target=\"_blank\" rel=\"noopener noreferrer\">kirstenrlassen@gmail.com<\/a><\/h5>\n<h4>\n\t\t\tKUNSTTERAPI\t<\/h4>\n\t<p><strong>1:1 sessioner i kunstterapi<\/strong><\/p>\n<p>Er uddannet kunstterapeut hos Ellen Grundtdal p\u00e5 Center for selvudvikling.<\/p>\n<p>Jeg efteruddanner mig l\u00f8bende og modtager regelm\u00e6ssig supervision.<\/p>\n<p>Sessionerne varer 1,5 time og foreg\u00e5r enten ved fysiske sessioner eller online.<\/p>\n<p><strong>FYSISKE SESSIONER<\/strong><\/p>\n<p>De fysiske sessioner best\u00e5r af samtale og billedarbejde, mens vi er sammen.<\/p>\n<p><strong>ONLINE SESSIONER<\/strong><\/p>\n<p>Inden vores session, sender du billede(r) og en kort tekst med titler til de billeder vi skal tale udfra sammen med et par linjer om hvad der er oppe for dig.<\/p>\n<p>Billederne deles p\u00e5 sk\u00e6rmen<\/p>\n<p><strong>OM KUNSTTERAPI<\/strong><\/p>\n<p>I den kreative proces sker der en eksternalisering af vores indre liv. Vi flytter det, som fylder inde i os, ud p\u00e5 papiret og vi f\u00e5r derved mulighed for at se p\u00e5 os selv og ubevidst indhold.<\/p>\n<p>I denne proces kan vi opdage emotioner som fx vrede, tristhed, jalousi, skam eller anden form for ramthed. Vi kan ogs\u00e5 opdage de historier og selvbilleder vi identificerer os med.<\/p>\n<p>M\u00f8det med emotioner i et udtryk, kan s\u00e6tte gang i en bev\u00e6gelse fra emotionelle storme, ind i en f\u00f8lelsesm\u00e6ssigt dybere kontakt med sig selv og st\u00f8tte en retning mod st\u00f8rre klarhed, skelneevne, accept og omsorg for \u00e9n selv.<\/p>\n<p>Arbejdet er funderet i jungiansk psykologi og teori om individuation, arketyper, komplekser, skyggen, modsatk\u00f8nnethed, indre b\u00f8rn og visdom.<\/p>\n<p>Redskaber i arbejdet er samtale, billedskabende proces, dialog med billedet, aktiv imagination, symbolsprog og farvers betydning.<\/p>\n<p>&#8220;I det kunstterapeutiske arbejde s\u00f8ger vi at genfinde dette naturlige udtryk og denne skabertrang, da det kan v\u00e6re en kilde til dyb gl\u00e6de og bringe livslysten frem. Det kreative udtryk kan blive som et spejl for os, et spejlbillede af hvad vi indeholder, b\u00e5de p\u00e5 det bevidste og p\u00e5 det ubevidste plan. Det kan hj\u00e6lpe os til at bevidstg\u00f8re potentialer, behov og l\u00e6ngsler, men kan ogs\u00e5 afsl\u00f8re vores skyggesider, sider i os selv, som vi er ubevidste om eller ikke vil kendes ved. Vores underbevidsthed vil s\u00e5ledes komme op til overfladen og vise sit indhold i det, vi skaber.&#8221; &#8211; Ellen Grundtdal<\/p>\n<p><strong>PRIS<\/strong><\/p>\n<p>Pris for en session er 1400 kr. inklusiv moms<\/p>\n<p>Det er muligt at booke flere enkeltsessioner og sammens\u00e6tte et l\u00e6ngere forl\u00f8b hvor du arbejder selv imellem vores m\u00f8der.<\/p>\n<p>Jeg gl\u00e6der mig til at m\u00f8de dig.<\/p>\n<figure itemscope itemtype=\"https:\/\/schema.org\/ImageObject\">\n\t\t\t\t<img decoding=\"async\" src=\"https:\/\/kirstenrlassen.com\/wp-content\/uploads\/2023\/11\/391611299_18251237362207272_4886801425976999811_n.jpg\" alt=\"391611299_18251237362207272_4886801425976999811_n\" height=\"206\" width=\"206\" title=\"391611299_18251237362207272_4886801425976999811_n\" onerror=\"this.style.display='none'\" loading=\"lazy\" \/>\n\t<\/figure>\n<figure itemscope itemtype=\"https:\/\/schema.org\/ImageObject\">\n\t\t\t\t<img decoding=\"async\" src=\"https:\/\/kirstenrlassen.com\/wp-content\/uploads\/2023\/11\/391609279_18251237371207272_3946789913097705621_n.jpg\" alt=\"391609279_18251237371207272_3946789913097705621_n\" height=\"206\" width=\"206\" title=\"391609279_18251237371207272_3946789913097705621_n\" onerror=\"this.style.display='none'\" loading=\"lazy\" \/>\n\t<\/figure>\n<figure itemscope itemtype=\"https:\/\/schema.org\/ImageObject\">\n\t\t\t\t<img decoding=\"async\" src=\"https:\/\/kirstenrlassen.com\/wp-content\/uploads\/2023\/11\/391624514_18251237410207272_3608354406133869111_n.jpg\" alt=\"391624514_18251237410207272_3608354406133869111_n\" height=\"206\" width=\"206\" title=\"391624514_18251237410207272_3608354406133869111_n\" onerror=\"this.style.display='none'\" loading=\"lazy\" \/>\n\t<\/figure>\n<figure itemscope itemtype=\"https:\/\/schema.org\/ImageObject\">\n\t\t\t\t<img decoding=\"async\" src=\"https:\/\/kirstenrlassen.com\/wp-content\/uploads\/2023\/11\/391620506_18251511346207272_4140095065314053972_n.jpg\" alt=\"391620506_18251511346207272_4140095065314053972_n\" height=\"206\" width=\"206\" title=\"391620506_18251511346207272_4140095065314053972_n\" onerror=\"this.style.display='none'\" loading=\"lazy\" \/>\n\t<\/figure>\n<h4>\n\t\t\tPSYKOMOTORISKE BEHANDLINGER\t<\/h4>\n\t<p>Jeg er uddannet psykomotorisk terapeut fra Ingrid Prahms seminarium. Tilgangen er hands-on behandlinger hvor jeg med mine h\u00e6nder er i dialog med din krop. Det er en resourseorientret tilgang og det er en lyttende tilgang, hvor jeg ved hj\u00e6lp af tryk og forskellige str\u00e6k og greb starter det der kan beskrives som en samtale med din krop. En samtale hvor vi sammen unders\u00f8ger hvad din krop har at fort\u00e6lle.<\/p>\n<p>Om smerter, ressourser, over og undersp\u00e6ndte muskler (tonus), f\u00f8lelser og sansninger som spejler hele det psykofysiske liv der er dit.<\/p>\n<p>&nbsp;<\/p>\n<p><strong>Denne tilgang bygger p\u00e5 en antagelse om at kroppen husker alt.<\/strong><\/p>\n<p><strong>At kroppen er b\u00e6rer af levet liv og af vores nuv\u00e6rende liv.<\/strong><\/p>\n<p>&nbsp;<\/p>\n<p>Behandlingerne foreg\u00e5r p\u00e5 gulvet p\u00e5 et godt underlag.<\/p>\n<p>Vi starter med en samtale og afslutter med en samtale. Der kan ogs\u00e5 tales under behandlingerne og det der er aktivt i dig, er velkomment, pr\u00e6cis som det er.<\/p>\n<p>Jeg kan give dig vejledning i og input til \u00f8velser du kan lave og det er ogs\u00e5 en mulighed at arbejde med holdningskorrektion og korrektion af siddende stilling hvis du har en meditativ praksis og sidder meget.<\/p>\n<p>&nbsp;<\/p>\n<p><strong>1:1 Psykomotoriske sessioner<\/strong><\/p>\n<p>Sessionerne varer 1.5 time og foreg\u00e5r i Odsherred.<\/p>\n<p>Pris 1400 kr. inklusive moms.<\/p>\n<figure itemscope itemtype=\"https:\/\/schema.org\/ImageObject\">\n\t\t\t\t<img decoding=\"async\" src=\"https:\/\/kirstenrlassen.com\/wp-content\/uploads\/2023\/11\/11148811_10205337265085827_8482049095916519183_o.jpg\" alt=\"11148811_10205337265085827_8482049095916519183_o\" height=\"206\" width=\"206\" title=\"11148811_10205337265085827_8482049095916519183_o\" onerror=\"this.style.display='none'\" loading=\"lazy\" \/>\n\t<\/figure>\n<figure itemscope itemtype=\"https:\/\/schema.org\/ImageObject\">\n\t\t\t\t<img decoding=\"async\" src=\"https:\/\/kirstenrlassen.com\/wp-content\/uploads\/2023\/11\/10995482_10205337265205830_9144360422776999239_o.jpg\" alt=\"10995482_10205337265205830_9144360422776999239_o\" height=\"206\" width=\"206\" title=\"10995482_10205337265205830_9144360422776999239_o\" onerror=\"this.style.display='none'\" loading=\"lazy\" \/>\n\t<\/figure>\n<figure itemscope itemtype=\"https:\/\/schema.org\/ImageObject\">\n\t\t\t\t<img decoding=\"async\" src=\"https:\/\/kirstenrlassen.com\/wp-content\/uploads\/2023\/11\/11270338_10205337265125828_8440169476761295771_o.jpg\" alt=\"11270338_10205337265125828_8440169476761295771_o\" height=\"206\" width=\"206\" title=\"11270338_10205337265125828_8440169476761295771_o\" onerror=\"this.style.display='none'\" loading=\"lazy\" \/>\n\t<\/figure>\n<figure itemscope itemtype=\"https:\/\/schema.org\/ImageObject\">\n\t\t\t\t<img decoding=\"async\" src=\"https:\/\/kirstenrlassen.com\/wp-content\/uploads\/2023\/11\/11232134_10205337265165829_5499165122789998162_o.jpg\" alt=\"11232134_10205337265165829_5499165122789998162_o\" height=\"206\" width=\"206\" title=\"11232134_10205337265165829_5499165122789998162_o\" onerror=\"this.style.display='none'\" loading=\"lazy\" \/>\n\t<\/figure>\n<h5>\n\t\t<a href=\"https:\/\/kirstenrlassen.com\/en\/aktuelt\/\" title=\"\"  target=\"_self\">\n\t\t\t<< TILBAGE TIL AKTUELT\t\t<\/a>\n\t<\/h5>","protected":false},"excerpt":{"rendered":"<p>inside outside Jeg tilbyder sessioner i kunstterapi og psykomotorisk behandling. Du er velkommen til at kontakte mig for en samtale, hvor vi sammen finder ud af om du evt. kan have gl\u00e6de af at sammens\u00e6tte et forl\u00f8b med b\u00e5de kunstterapi og psykomotorisk behandling. De to former kan fint kombineres, hvis du er interesseret i at&hellip;<\/p>","protected":false},"author":2,"featured_media":1919,"parent":0,"menu_order":0,"comment_status":"closed","ping_status":"closed","template":"","meta":{"footnotes":""},"class_list":["post-1936","page","type-page","status-publish","has-post-thumbnail","hentry"],"_links":{"self":[{"href":"https:\/\/kirstenrlassen.com\/en\/wp-json\/wp\/v2\/pages\/1936","targetHints":{"allow":["GET"]}}],"collection":[{"href":"https:\/\/kirstenrlassen.com\/en\/wp-json\/wp\/v2\/pages"}],"about":[{"href":"https:\/\/kirstenrlassen.com\/en\/wp-json\/wp\/v2\/types\/page"}],"author":[{"embeddable":true,"href":"https:\/\/kirstenrlassen.com\/en\/wp-json\/wp\/v2\/users\/2"}],"replies":[{"embeddable":true,"href":"https:\/\/kirstenrlassen.com\/en\/wp-json\/wp\/v2\/comments?post=1936"}],"version-history":[{"count":23,"href":"https:\/\/kirstenrlassen.com\/en\/wp-json\/wp\/v2\/pages\/1936\/revisions"}],"predecessor-version":[{"id":2239,"href":"https:\/\/kirstenrlassen.com\/en\/wp-json\/wp\/v2\/pages\/1936\/revisions\/2239"}],"wp:featuredmedia":[{"embeddable":true,"href":"https:\/\/kirstenrlassen.com\/en\/wp-json\/wp\/v2\/media\/1919"}],"wp:attachment":[{"href":"https:\/\/kirstenrlassen.com\/en\/wp-json\/wp\/v2\/media?parent=1936"}],"curies":[{"name":"wp","href":"https:\/\/api.w.org\/{rel}","templated":true}]}}