{"id":2184,"date":"2025-04-21T16:00:53","date_gmt":"2025-04-21T16:00:53","guid":{"rendered":"https:\/\/kirstenrlassen.com\/?page_id=2184"},"modified":"2026-01-27T06:17:21","modified_gmt":"2026-01-27T06:17:21","slug":"kurser-2","status":"publish","type":"page","link":"https:\/\/kirstenrlassen.com\/en\/kurser-2\/","title":{"rendered":"KURSER"},"content":{"rendered":"<h2>\n\t\t\tKURSER\t<\/h2>\n<a href=\"https:\/\/www.facebook.com\/sharer.php?u=https%3A%2F%2Fkirstenrlassen.com%2F%3Fpage_id%3D2184%26fl_builder\" target=\"_blank\" onclick=\"window.open(this.href,'social-share','left=20,top=20,width=500,height=500,toolbar=1,resizable=0');return false;\">\t\t\t\t\n\t\t<\/a><a href=\"mailto:?body=https%3A%2F%2Fkirstenrlassen.com%2F%3Fpage_id%3D2184%26fl_builder\" target=\"_self\">\t\t\t\t\n\t\t<\/a><a href=\"https:\/\/www.linkedin.com\/shareArticle?url=https%3A%2F%2Fkirstenrlassen.com%2F%3Fpage_id%3D2184%26fl_builder\" target=\"_blank\" onclick=\"window.open(this.href,'social-share','left=20,top=20,width=500,height=500,toolbar=1,resizable=0');return false;\">\t\t\t\t\n\t\t<\/a>\n<h4>\n\t\t\tKREATIVITET OG SKABERTRANG\t<\/h4>\n\t<p>Jeg faciliterer processer i billedarbejde, skrive\u00f8velser, dans og anden kreativ bev\u00e6gelse, meditation og udvekslinger som giver dig mulighed for at unders\u00f8ge dine adgange til at udtrykke dig.<\/p>\n<p>Fokus er p\u00e5 at skabe et vurderingsfrit rum, en tryg ramme at udtrykke sig i og p\u00e5 hvordan det er muligt at itales\u00e6tte, kropsligg\u00f8re og i skrivende og billedskabende processer at arbejde med vores indre verden.<\/p>\n<p>Kurserne er funderet i mit arbejde som ud\u00f8vende billedkunstner, underviser i billedkunst og designprocesser, fra en bred undervisningserfaring i \u00e6stetiske og kreative l\u00e6reprocesser for mennesker med forskellige aldre, sociale, etniske og faglige baggrunde.<\/p>\n<p>Jeg har haft ansvar for en r\u00e6kke projekter p\u00e5 skoler og kulturinstitutioner, p\u00e5 blandt andet Sortedamsskolen, R\u00f8rvig Friskole, Designmuseum Danmark og Copenhagen Contemporary.<\/p>\n<p>Jeg er uddannet fra kunstskolen SPEKTRUM hos Ingela Skytte og Thomas Skytte, psykomotorisk terapeut fra Ingrid Prahms Seminarium for afsp\u00e6ndingsp\u00e6dagoger, jeg har en kandidat i didaktik, materiel kultur fra \u00c5rhus universitet, hvor jeg med tilgangen art based research, skrev speciale om kropsbaseret n\u00e6rv\u00e6r, kropslig og mental selvregulering, designt\u00e6nkning og kreative processer.<\/p>\n<p>&nbsp;<\/p>\n<p>&nbsp;<\/p>\n<h4>\n\t\t\tKURSER I \u00c5RHUS\t<\/h4>\n\t<h5><strong>KREATIVITET OG SKABERTRANG <\/strong><\/h5>\n<h6><strong>&#8211; Om at udtrykke sig frit fra et dybere sted i sig selv.<\/strong><\/h6>\n\t<h6><img loading=\"lazy\" decoding=\"async\" src=\"https:\/\/kirstenrlassen.com\/wp-content\/uploads\/2025\/12\/1-1.png\" alt=\"\" width=\"851\" height=\"315\" \/><\/h6>\n<h6><strong>WORKSHOP I \u00c5RHUS DEN 16 &#8211; 17. MAJ 2026 | BEGGE DAGE kl.10-16\u00a0\u00a0<\/strong><\/h6>\n<h6>P\u00e5 denne workshop eksperimenterer vi med at udtrykke os i overensstemmelse med vores indre verden.<\/h6>\n<h6>I str\u00e6k af billedarbejde, skrive\u00f8velser, dans og anden kreativ bev\u00e6gelse, meditation og udvekslinger vil du kunne unders\u00f8ge forholdet mellem dit indre landskab og det at udtrykke dig.<\/h6>\n<h6>Fokus er p\u00e5 at skabe et vurderingsfrit rum, en tryg ramme at udtrykke sig i og p\u00e5 hvordan det er muligt at itales\u00e6tte, kropsligg\u00f8re og i meditative, skrivende og billedskabende processer at arbejde med vores indre verden og veje til udtryk.<\/h6>\n\t<p><strong>STED <\/strong><\/p>\n<p>Althea Terapi \/ Montanagade 15b, 8000 \u00c5rhus<\/p>\n<p><strong>PRIS<\/strong><strong>\u2028<\/strong><\/p>\n<p>Pris 2000 kr.<\/p>\n<p>Pris hvis du er studerende er 1400 kr.<\/p>\n<p><strong>MATERIALER <\/strong><\/p>\n<p>Prisen er inklusive materialer.<\/p>\n<p><strong>TILMELDING <\/strong><\/p>\n<p>Du tilmelder dig ved at skrive til\u00a0<a href=\"mailto:kirstenrlassen@gmail.com\">kirstenrlassen@gmail.com\u00a0<\/a><\/p>\n<p>Du er meget velkommen til at skrive til mig hvis du har sp\u00f8rgsm\u00e5l.<\/p>\n<p>&nbsp;<\/p>\n<p><img loading=\"lazy\" decoding=\"async\" src=\"https:\/\/kirstenrlassen.com\/wp-content\/uploads\/2025\/12\/SAMMEN-MED-PLANTERNE.png\" alt=\"\" width=\"1640\" height=\"924\" \/><\/p>\n<p>&nbsp;<\/p>\n<p>&nbsp;<\/p>\n<p>&nbsp;<\/p>\n<h5>\n\t\t<a href=\"https:\/\/kirstenrlassen.com\/en\/aktuelt\/\" title=\"\"  target=\"_self\">\n\t\t\t<< TILBAGE TIL AKTUELT\t\t<\/a>\n\t<\/h5>","protected":false},"excerpt":{"rendered":"<p>KURSER KREATIVITET OG SKABERTRANG Jeg faciliterer processer i billedarbejde, skrive\u00f8velser, dans og anden kreativ bev\u00e6gelse, meditation og udvekslinger som giver dig mulighed for at unders\u00f8ge dine adgange til at udtrykke dig. Fokus er p\u00e5 at skabe et vurderingsfrit rum, en tryg ramme at udtrykke sig i og p\u00e5 hvordan det er muligt at itales\u00e6tte, kropsligg\u00f8re&hellip;<\/p>","protected":false},"author":3,"featured_media":1924,"parent":0,"menu_order":0,"comment_status":"closed","ping_status":"closed","template":"","meta":{"footnotes":""},"class_list":["post-2184","page","type-page","status-publish","has-post-thumbnail","hentry"],"_links":{"self":[{"href":"https:\/\/kirstenrlassen.com\/en\/wp-json\/wp\/v2\/pages\/2184","targetHints":{"allow":["GET"]}}],"collection":[{"href":"https:\/\/kirstenrlassen.com\/en\/wp-json\/wp\/v2\/pages"}],"about":[{"href":"https:\/\/kirstenrlassen.com\/en\/wp-json\/wp\/v2\/types\/page"}],"author":[{"embeddable":true,"href":"https:\/\/kirstenrlassen.com\/en\/wp-json\/wp\/v2\/users\/3"}],"replies":[{"embeddable":true,"href":"https:\/\/kirstenrlassen.com\/en\/wp-json\/wp\/v2\/comments?post=2184"}],"version-history":[{"count":11,"href":"https:\/\/kirstenrlassen.com\/en\/wp-json\/wp\/v2\/pages\/2184\/revisions"}],"predecessor-version":[{"id":2234,"href":"https:\/\/kirstenrlassen.com\/en\/wp-json\/wp\/v2\/pages\/2184\/revisions\/2234"}],"wp:featuredmedia":[{"embeddable":true,"href":"https:\/\/kirstenrlassen.com\/en\/wp-json\/wp\/v2\/media\/1924"}],"wp:attachment":[{"href":"https:\/\/kirstenrlassen.com\/en\/wp-json\/wp\/v2\/media?parent=2184"}],"curies":[{"name":"wp","href":"https:\/\/api.w.org\/{rel}","templated":true}]}}