{"id":467,"date":"2021-09-20T13:17:09","date_gmt":"2021-09-20T13:17:09","guid":{"rendered":"http:\/\/kirstenrlassen.com\/?page_id=467"},"modified":"2023-08-21T12:50:11","modified_gmt":"2023-08-21T12:50:11","slug":"designtaenkning","status":"publish","type":"page","link":"https:\/\/kirstenrlassen.com\/en\/undervisning\/designtaenkning\/","title":{"rendered":"designt\u00e6nkning"},"content":{"rendered":"<h2>\r\n\t\tinside outside\r\n\t<\/h2>\r\n<a href=\"https:\/\/www.facebook.com\/sharer.php?u=https%3A%2F%2Fkirstenrlassen.com%2F%3Fpage_id%3D467%26fl_builder\" target=\"_blank\" onclick=\"window.open(this.href,'social-share','left=20,top=20,width=500,height=500,toolbar=1,resizable=0');return false;\" rel=\"noopener\">\t\t\t\t\r\n\t\t<\/a><a href=\"mailto:?body=https%3A%2F%2Fkirstenrlassen.com%2F%3Fpage_id%3D467%26fl_builder\" target=\"_self\" rel=\"noopener\">\t\t\t\t\r\n\t\t<\/a><a href=\"https:\/\/www.linkedin.com\/shareArticle?url=https%3A%2F%2Fkirstenrlassen.com%2F%3Fpage_id%3D467%26fl_builder\" target=\"_blank\" onclick=\"window.open(this.href,'social-share','left=20,top=20,width=500,height=500,toolbar=1,resizable=0');return false;\" rel=\"noopener\">\t\t\t\t\r\n\t\t<\/a>\r\n\t<h5>EN M\u00c5DE AT T\u00c6NKE P\u00c5<\/h5>\r\n<p>Designt\u00e6nkning er et mindset, en m\u00e5de at se verden p\u00e5. At designe er andet og mere end formgivning og design af produkter Det er ogs\u00e5 design af service, strategier og forretningsmodeller.<\/p>\r\n<p>&nbsp;<\/p>\r\n<h5>EN PROCESMODEL<\/h5>\r\n<p>Designt\u00e6nkning er som strategi og procesmodel et redskab og et st\u00e6rkt didaktisk v\u00e6rkt\u00f8j, som kan bruges til at facilitere processer mellem mennesker, udvikle undervisningsforl\u00f8b og til at arbejde med design, kreativitet og l\u00e6ring. Designt\u00e6nkning handler om at frembringe, v\u00e6rdiskabende l\u00f8sninger for mennesker og med udgangspunkt i menneskers behov og i en forretningsm\u00e6ssig kontekst.<\/p>\r\n\t\t\t\t\t\t\t\t\t\t\t\t\t\t\t\t\t<a href=\"https:\/\/kirstenrlassen.com\/wp-content\/uploads\/2022\/01\/Photo-07-11-2018-16.22.12_designtaenkning-1024x1024.jpg\" target=\"_self\" en rel=\"noopener\">\r\n\t\t\t\t\t\t\t\t\t\t<\/a>\r\n\t\t\t\t\t\t\t\t\t\t\t\t\t\t\t\t\t<a href=\"https:\/\/kirstenrlassen.com\/wp-content\/uploads\/2022\/01\/Photo-07-11-2018-17.13.28-1024x1024.jpg\" target=\"_self\" data-caption=\"\" rel=\"noopener\">\r\n\t\t\t\t\t\t\t\t\t\t<\/a>\r\n\t\t\t\t\t\t\t\t\t\t\t\t\t\t\t\t\t<a href=\"https:\/\/kirstenrlassen.com\/wp-content\/uploads\/2022\/01\/2020-04-02-16.15.22-768x1024.jpg\" target=\"_self\" data-caption=\"\" rel=\"noopener\">\r\n\t\t\t\t\t\t\t\t\t\t<\/a>\r\n\t\t\t\t\t\t\t\t\t\t\t\t\t\t\t\t\t<a href=\"https:\/\/kirstenrlassen.com\/wp-content\/uploads\/2022\/01\/Photo-07-11-2018-16.22.24-1024x1024.jpg\" target=\"_self\" data-caption=\"\" rel=\"noopener\">\r\n\t\t\t\t\t\t\t\t\t\t<\/a>\r\n\t\t\t\t\t\t\t\t\t\t\t\t\t\t\t\t\t<a href=\"https:\/\/kirstenrlassen.com\/wp-content\/uploads\/2022\/01\/Photo-07-11-2018-19.09.18-1024x1024.jpg\" target=\"_self\" data-caption=\"\" rel=\"noopener\">\r\n\t\t\t\t\t\t\t\t\t\t<\/a>\r\n\t\t\t\t\t\t\t\t\t\t\t\t\t\t\t\t\t<a href=\"https:\/\/kirstenrlassen.com\/wp-content\/uploads\/2021\/12\/Photo-02-04-2020-16.15.22-1024x1024.jpg\" target=\"_self\" data-caption=\"\" rel=\"noopener\">\r\n\t\t\t\t\t\t\t\t\t\t<\/a>\r\n\t\t\t\t\t\t\t\t\t\t\t\t\t\t\t\t\t<a href=\"https:\/\/kirstenrlassen.com\/wp-content\/uploads\/2021\/12\/Photo-02-04-2020-16.15.15-1024x1024.jpg\" target=\"_self\" data-caption=\"\" rel=\"noopener\">\r\n\t\t\t\t\t\t\t\t\t\t<\/a>\r\n\t\t\t\t\t\t<!-- pagination -->\r\n\t<p>Klik p\u00e5 billedet for at se eventuel tekst og fuldt billedformat.<\/p>\r\n<h5>\r\n\t\t<a href=\"https:\/\/kirstenrlassen.com\/en\/undervisning\/\" title=\"&lt;&lt; TILBAGE TIL UNDERVISNING\" target=\"_self\" rel=\"noopener\">\r\n\t\t<< TILBAGE TIL UNDERVISNING\r\n\t\t<\/a>\r\n\t<\/h5>","protected":false},"excerpt":{"rendered":"<p>inside outside EN M\u00c5DE AT T\u00c6NKE P\u00c5 Designt\u00e6nkning er et mindset, en m\u00e5de at se verden p\u00e5. At designe er andet og mere end formgivning og design af produkter Det er ogs\u00e5 design af service, strategier og forretningsmodeller. &nbsp; EN PROCESMODEL Designt\u00e6nkning er som strategi og procesmodel et redskab og et st\u00e6rkt didaktisk v\u00e6rkt\u00f8j, som&hellip;<\/p>","protected":false},"author":2,"featured_media":159,"parent":97,"menu_order":0,"comment_status":"closed","ping_status":"closed","template":"","meta":{"footnotes":""},"class_list":["post-467","page","type-page","status-publish","has-post-thumbnail","hentry"],"_links":{"self":[{"href":"https:\/\/kirstenrlassen.com\/en\/wp-json\/wp\/v2\/pages\/467","targetHints":{"allow":["GET"]}}],"collection":[{"href":"https:\/\/kirstenrlassen.com\/en\/wp-json\/wp\/v2\/pages"}],"about":[{"href":"https:\/\/kirstenrlassen.com\/en\/wp-json\/wp\/v2\/types\/page"}],"author":[{"embeddable":true,"href":"https:\/\/kirstenrlassen.com\/en\/wp-json\/wp\/v2\/users\/2"}],"replies":[{"embeddable":true,"href":"https:\/\/kirstenrlassen.com\/en\/wp-json\/wp\/v2\/comments?post=467"}],"version-history":[{"count":20,"href":"https:\/\/kirstenrlassen.com\/en\/wp-json\/wp\/v2\/pages\/467\/revisions"}],"predecessor-version":[{"id":1798,"href":"https:\/\/kirstenrlassen.com\/en\/wp-json\/wp\/v2\/pages\/467\/revisions\/1798"}],"up":[{"embeddable":true,"href":"https:\/\/kirstenrlassen.com\/en\/wp-json\/wp\/v2\/pages\/97"}],"wp:featuredmedia":[{"embeddable":true,"href":"https:\/\/kirstenrlassen.com\/en\/wp-json\/wp\/v2\/media\/159"}],"wp:attachment":[{"href":"https:\/\/kirstenrlassen.com\/en\/wp-json\/wp\/v2\/media?parent=467"}],"curies":[{"name":"wp","href":"https:\/\/api.w.org\/{rel}","templated":true}]}}