{"id":476,"date":"2021-09-20T13:56:06","date_gmt":"2021-09-20T13:56:06","guid":{"rendered":"http:\/\/kirstenrlassen.com\/?page_id=476"},"modified":"2022-05-17T16:16:35","modified_gmt":"2022-05-17T16:16:35","slug":"materialer","status":"publish","type":"page","link":"https:\/\/kirstenrlassen.com\/en\/undervisning\/materialer\/","title":{"rendered":"materialer"},"content":{"rendered":"<h2>\n\t\tinside outside\n\t<\/h2>\n<a href=\"https:\/\/www.facebook.com\/sharer.php?u=https%3A%2F%2Fkirstenrlassen.com%2F%3Fpage_id%3D476%26fl_builder\" target=\"_blank\" onclick=\"window.open(this.href,'social-share','left=20,top=20,width=500,height=500,toolbar=1,resizable=0');return false;\" rel=\"noopener\">\t\t\t\t\n\t\t<\/a><a href=\"mailto:?body=https%3A%2F%2Fkirstenrlassen.com%2F%3Fpage_id%3D476%26fl_builder\" target=\"_self\" rel=\"noopener\">\t\t\t\t\n\t\t<\/a><a href=\"https:\/\/www.linkedin.com\/shareArticle?url=https%3A%2F%2Fkirstenrlassen.com%2F%3Fpage_id%3D476%26fl_builder\" target=\"_blank\" onclick=\"window.open(this.href,'social-share','left=20,top=20,width=500,height=500,toolbar=1,resizable=0');return false;\" rel=\"noopener\">\t\t\t\t\n\t\t<\/a>\n\t<p>Det at stifte praktisk bekendtskab med forskellige materialer og v\u00e6rkt\u00f8jer er afg\u00f8rende for at kunne reflektere og skabe. Den udveksling af erfaring der sker mellem hoved og h\u00e5nd, n\u00e5r id\u00e9 m\u00f8der fysisk virkelighed, og omvendt, danner springbr\u00e6t for nye id\u00e9er og tilegnelser af nye f\u00e6rdigheder.<\/p>\n<p>Materialer og v\u00e6rkt\u00f8jer kan v\u00e6re grundlag for processen, og det er interessant at arbejde b\u00e5de med det klassiske og det radikale, fra det lettilg\u00e6ngelige til en st\u00f8rre kompleksitet. Lige s\u00e5 inspirerende det umiddelbare er, liges\u00e5 givende kan det m\u00f8jsommelige og n\u00f8jagtige v\u00e6re.<\/p>\n<p>Jeg arbejder med en bred og radikal materialeforst\u00e5else i min undervisning. Ofte i samarbejde med designere og andre fagfolk. Ofte bliver materialet i sig selv genstand for den undervisning der sker; udgangspunkt for eksperiment, analyse,\u00a0research, id\u00e9-udvikling og proces. Materialer kan v\u00e6re alt fra maling p\u00e5 l\u00e6rred, skrald, tekstil og tr\u00e6 til grann\u00e5le, dyretarm og svampemycelium.<\/p>\n\t\t\t\t\t\t\t\t\t\t\t\t\t\t\t\t\t<a href=\"https:\/\/kirstenrlassen.com\/wp-content\/uploads\/2021\/07\/Photo-06-11-2018-16.57.43-1024x1024.jpg\" target=\"_self\" data-caption=\"\" rel=\"noopener\">\n\t\t\t\t\t\t\t\t\t\t<\/a>\n\t\t\t\t\t\t\t\t\t\t\t\t\t\t\t\t\t<a href=\"https:\/\/kirstenrlassen.com\/wp-content\/uploads\/2021\/07\/kl10.jpg\" target=\"_self\" data-caption=\"\" rel=\"noopener\">\n\t\t\t\t\t\t\t\t\t\t<\/a>\n\t\t\t\t\t\t\t\t\t\t\t\t\t\t\t\t\t<a href=\"https:\/\/kirstenrlassen.com\/wp-content\/uploads\/2021\/07\/Photo-22-02-2021-13.28.07.jpg\" target=\"_self\" data-caption=\"\" rel=\"noopener\">\n\t\t\t\t\t\t\t\t\t\t<\/a>\n\t\t\t\t\t\t\t\t\t\t\t\t\t\t\t\t\t<a href=\"https:\/\/kirstenrlassen.com\/wp-content\/uploads\/2021\/07\/Photo-23-05-2018-17.59.46-1024x1024.jpg\" target=\"_self\" data-caption=\"\" rel=\"noopener\">\n\t\t\t\t\t\t\t\t\t\t<\/a>\n\t\t\t\t\t\t\t\t\t\t\t\t\t\t\t\t\t<a href=\"https:\/\/kirstenrlassen.com\/wp-content\/uploads\/2021\/07\/Photo-26-02-2021-12.20.08.jpg\" target=\"_self\" data-caption=\"\" rel=\"noopener\">\n\t\t\t\t\t\t\t\t\t\t<\/a>\n\t\t\t\t\t\t\t\t\t\t\t\t\t\t\t\t\t<a href=\"https:\/\/kirstenrlassen.com\/wp-content\/uploads\/2021\/07\/Photo-25-02-2021-17.25.56.jpg\" target=\"_self\" data-caption=\"\" rel=\"noopener\">\n\t\t\t\t\t\t\t\t\t\t<\/a>\n\t\t\t\t\t\t\t\t\t\t\t\t\t\t\t\t\t<a href=\"https:\/\/kirstenrlassen.com\/wp-content\/uploads\/2021\/07\/Photo-25-02-2021-17.25.56-14.jpg\" target=\"_self\" data-caption=\"\" rel=\"noopener\">\n\t\t\t\t\t\t\t\t\t\t<\/a>\n\t\t\t\t\t\t\t\t\t\t\t\t\t\t\t\t\t<a href=\"https:\/\/kirstenrlassen.com\/wp-content\/uploads\/2022\/01\/Photo-25-02-2021-17.25.56-15.jpg\" target=\"_self\" data-caption=\"\" rel=\"noopener\">\n\t\t\t\t\t\t\t\t\t\t<\/a>\n\t\t\t\t\t\t<!-- pagination -->\n\t<p>Klik p\u00e5 billeder for at se eventuel tekst og fuldt billedformat.<\/p>\n<h5>\n\t\t<a href=\"https:\/\/kirstenrlassen.com\/en\/undervisning\/\" title=\"&lt;&lt; TILBAGE TIL UNDERVISNING\" target=\"_self\" rel=\"noopener\">\n\t\t<< TILBAGE TIL UNDERVISNING\n\t\t<\/a>\n\t<\/h5>","protected":false},"excerpt":{"rendered":"<p>inside outside Det at stifte praktisk bekendtskab med forskellige materialer og v\u00e6rkt\u00f8jer er afg\u00f8rende for at kunne reflektere og skabe. Den udveksling af erfaring der sker mellem hoved og h\u00e5nd, n\u00e5r id\u00e9 m\u00f8der fysisk virkelighed, og omvendt, danner springbr\u00e6t for nye id\u00e9er og tilegnelser af nye f\u00e6rdigheder. Materialer og v\u00e6rkt\u00f8jer kan v\u00e6re grundlag for processen,&hellip;<\/p>","protected":false},"author":2,"featured_media":157,"parent":97,"menu_order":0,"comment_status":"closed","ping_status":"closed","template":"","meta":{"footnotes":""},"class_list":["post-476","page","type-page","status-publish","has-post-thumbnail","hentry"],"_links":{"self":[{"href":"https:\/\/kirstenrlassen.com\/en\/wp-json\/wp\/v2\/pages\/476","targetHints":{"allow":["GET"]}}],"collection":[{"href":"https:\/\/kirstenrlassen.com\/en\/wp-json\/wp\/v2\/pages"}],"about":[{"href":"https:\/\/kirstenrlassen.com\/en\/wp-json\/wp\/v2\/types\/page"}],"author":[{"embeddable":true,"href":"https:\/\/kirstenrlassen.com\/en\/wp-json\/wp\/v2\/users\/2"}],"replies":[{"embeddable":true,"href":"https:\/\/kirstenrlassen.com\/en\/wp-json\/wp\/v2\/comments?post=476"}],"version-history":[{"count":17,"href":"https:\/\/kirstenrlassen.com\/en\/wp-json\/wp\/v2\/pages\/476\/revisions"}],"predecessor-version":[{"id":1799,"href":"https:\/\/kirstenrlassen.com\/en\/wp-json\/wp\/v2\/pages\/476\/revisions\/1799"}],"up":[{"embeddable":true,"href":"https:\/\/kirstenrlassen.com\/en\/wp-json\/wp\/v2\/pages\/97"}],"wp:featuredmedia":[{"embeddable":true,"href":"https:\/\/kirstenrlassen.com\/en\/wp-json\/wp\/v2\/media\/157"}],"wp:attachment":[{"href":"https:\/\/kirstenrlassen.com\/en\/wp-json\/wp\/v2\/media?parent=476"}],"curies":[{"name":"wp","href":"https:\/\/api.w.org\/{rel}","templated":true}]}}