{"id":696,"date":"2022-01-17T00:01:18","date_gmt":"2022-01-17T00:01:18","guid":{"rendered":"http:\/\/kirstenrlassen.com\/?page_id=696"},"modified":"2024-01-27T16:03:32","modified_gmt":"2024-01-27T16:03:32","slug":"udviklingsprojekter","status":"publish","type":"page","link":"https:\/\/kirstenrlassen.com\/en\/projektledelse\/udviklingsprojekter\/","title":{"rendered":"udviklingsprojekter"},"content":{"rendered":"<h2>\n\t\tinside outside\n\t<\/h2>\n<a href=\"https:\/\/www.facebook.com\/sharer.php?u=https%3A%2F%2Fkirstenrlassen.com%2F%3Fpage_id%3D696%26fl_builder\" target=\"_blank\" onclick=\"window.open(this.href,'social-share','left=20,top=20,width=500,height=500,toolbar=1,resizable=0');return false;\" rel=\"noopener\">\t\t\t\t\n\t\t<\/a><a href=\"mailto:?body=https%3A%2F%2Fkirstenrlassen.com%2F%3Fpage_id%3D696%26fl_builder\" target=\"_self\" rel=\"noopener\">\t\t\t\t\n\t\t<\/a><a href=\"https:\/\/www.linkedin.com\/shareArticle?url=https%3A%2F%2Fkirstenrlassen.com%2F%3Fpage_id%3D696%26fl_builder\" target=\"_blank\" onclick=\"window.open(this.href,'social-share','left=20,top=20,width=500,height=500,toolbar=1,resizable=0');return false;\" rel=\"noopener\">\t\t\t\t\n\t\t<\/a>\n\t<p>&nbsp;<\/p>\n<p>&nbsp;<\/p>\n<p>&nbsp;<\/p>\n<p>&nbsp;<\/p>\n<p><img loading=\"lazy\" decoding=\"async\" src=\"https:\/\/kirstenrlassen.com\/wp-content\/uploads\/2023\/08\/319281164_1118228138880268_7527012255398195862_n.jpg\" alt=\"\" width=\"526\" height=\"275\" \/><\/p>\n<strong>Traumeopm\u00e6rksom Bev\u00e6gelseskonference i K\u00f8benhavn<br \/>\n<\/strong><br \/>\nEspen Andli inviterede i 2023 til konference i K\u00f8benhavn. P\u00e5 konferencen holdt jeg et opl\u00e6g om det at observere mennesker i nonverbale processer som dans, bev\u00e6gelse og tegning og om at formidle disse observationer via tekst og billede.\n<strong><br \/>\nI LOST MY MOVEMENT<\/strong>\nP\u00e5 konferencen var der fokus p\u00e5 p\u00e5 erfaringen af kroppen og bev\u00e6gelsen, N\u00e5r bev\u00e6gelsen flyder og kommer af-sig-selv, og n\u00e5r den stopper op, bliver rigid &#8211; som f.eks. immobilisering eller top-styret-kontrolleret bev\u00e6gelse (en form for tvang, fobi) eller l\u00f8s, kaotisk uorganiseret.\nSe mere om konferencen og programmet her.\n<a href=\"http:\/\/www.traumespor.com\">http:\/\/www.traumespor.com<\/a>\n<p>&nbsp;<\/p>\n<p>&nbsp;<\/p>\n\t\t\t\t\t\t\t\t\t\t\t\t\t\t\t\t\t<a href=\"https:\/\/kirstenrlassen.com\/wp-content\/uploads\/2024\/01\/398534450_10228604463431244_7308264468718044035_n.jpg\" target=\"_self\" data-caption=\"\" rel=\"noopener\">\n\t\t\t\t\t\t\t\t\t\t<\/a>\n\t\t\t\t\t\t\t\t\t\t\t\t\t\t\t\t\t<a href=\"https:\/\/kirstenrlassen.com\/wp-content\/uploads\/2024\/01\/398423302_10228604463511246_3510493935410520283_n.jpg\" target=\"_self\" data-caption=\"\" rel=\"noopener\">\n\t\t\t\t\t\t\t\t\t\t<\/a>\n\t\t\t\t\t\t\t\t\t\t\t\t\t\t\t\t\t<a href=\"https:\/\/kirstenrlassen.com\/wp-content\/uploads\/2024\/01\/398321981_10228604463391243_462387754154734494_n.jpg\" target=\"_self\" data-caption=\"\" rel=\"noopener\">\n\t\t\t\t\t\t\t\t\t\t<\/a>\n\t\t\t\t\t\t<!-- pagination -->\n\t<p>Klik p\u00e5 billedet for at se eventuel tekst og fuldt billedformat.<\/p>\n<h5>\n\t\t<a href=\"https:\/\/kirstenrlassen.com\/en\/projektledelse\/\" title=\"&lt;&lt; TILBAGE TIL PROJEKTLEDELSE\" target=\"_self\" rel=\"noopener\">\n\t\t<< TILBAGE TIL PROJEKTLEDELSE\n\t\t<\/a>\n\t<\/h5>","protected":false},"excerpt":{"rendered":"<p>inside outside &nbsp; &nbsp; &nbsp; &nbsp; Traumeopm\u00e6rksom Bev\u00e6gelseskonference i K\u00f8benhavn Espen Andli inviterede i 2023 til konference i K\u00f8benhavn. P\u00e5 konferencen holdt jeg et opl\u00e6g om det at observere mennesker i nonverbale processer som dans, bev\u00e6gelse og tegning og om at formidle disse observationer via tekst og billede. I LOST MY MOVEMENT P\u00e5 konferencen var&hellip;<\/p>","protected":false},"author":2,"featured_media":159,"parent":99,"menu_order":0,"comment_status":"closed","ping_status":"closed","template":"","meta":{"footnotes":""},"class_list":["post-696","page","type-page","status-publish","has-post-thumbnail","hentry"],"_links":{"self":[{"href":"https:\/\/kirstenrlassen.com\/en\/wp-json\/wp\/v2\/pages\/696","targetHints":{"allow":["GET"]}}],"collection":[{"href":"https:\/\/kirstenrlassen.com\/en\/wp-json\/wp\/v2\/pages"}],"about":[{"href":"https:\/\/kirstenrlassen.com\/en\/wp-json\/wp\/v2\/types\/page"}],"author":[{"embeddable":true,"href":"https:\/\/kirstenrlassen.com\/en\/wp-json\/wp\/v2\/users\/2"}],"replies":[{"embeddable":true,"href":"https:\/\/kirstenrlassen.com\/en\/wp-json\/wp\/v2\/comments?post=696"}],"version-history":[{"count":14,"href":"https:\/\/kirstenrlassen.com\/en\/wp-json\/wp\/v2\/pages\/696\/revisions"}],"predecessor-version":[{"id":2031,"href":"https:\/\/kirstenrlassen.com\/en\/wp-json\/wp\/v2\/pages\/696\/revisions\/2031"}],"up":[{"embeddable":true,"href":"https:\/\/kirstenrlassen.com\/en\/wp-json\/wp\/v2\/pages\/99"}],"wp:featuredmedia":[{"embeddable":true,"href":"https:\/\/kirstenrlassen.com\/en\/wp-json\/wp\/v2\/media\/159"}],"wp:attachment":[{"href":"https:\/\/kirstenrlassen.com\/en\/wp-json\/wp\/v2\/media?parent=696"}],"curies":[{"name":"wp","href":"https:\/\/api.w.org\/{rel}","templated":true}]}}